{"id":90,"date":"2014-08-01T21:16:52","date_gmt":"2014-08-01T19:16:52","guid":{"rendered":"http:\/\/mueblesnieto.info\/?page_id=90"},"modified":"2024-09-25T13:44:15","modified_gmt":"2024-09-25T11:44:15","slug":"muebles-y-decoracion-2","status":"publish","type":"page","link":"https:\/\/mueblesnieto.info\/?page_id=90","title":{"rendered":"Contacta"},"content":{"rendered":"<div data-test='contact-form'\n\t\t\tid='contact-form-90'\n\t\t\tclass='jetpack-contact-form-container '\n\t\t\tdata-wp-interactive='jetpack\/form' data-wp-context='{\"formId\":\"90\",\"formHash\":\"0db5df88036394a968771e00d525d2e7624f7c20\",\"showErrors\":false,\"errors\":[],\"fields\":[],\"isMultiStep\":false,\"useAjax\":false,\"submissionData\":null,\"formattedSubmissionData\":[],\"submissionSuccess\":false,\"submissionError\":null,\"elementId\":\"jp-form-0db5df88036394a968771e00d525d2e7624f7c20\",\"isSingleInputForm\":false,\"isForcedHorizontal\":false}'\n\t\t\tdata-wp-watch--scroll-to-wrapper=\"callbacks.scrollToWrapper\"\n\t\t>\n<div class=\"contact-form-submission contact-form-ajax-submission\" data-wp-bind--aria-hidden=\"state.isSuccessMessageAriaHidden\" data-wp-class--submission-success=\"context.submissionSuccess\" id=\"contact-form-success-0db5df88036394a968771e00d525d2e7624f7c20\" tabindex=\"-1\" aria-labelledby=\"contact-form-success-header-0db5df88036394a968771e00d525d2e7624f7c20\"><p class=\"go-back-message\"><a class=\"link\" role=\"button\" tabindex=\"0\" data-wp-on--click=\"actions.goBack\" href=\"\/index.php?rest_route=%2Fwp%2Fv2%2Fpages%2F90\">\u2190 Volver<\/a><\/p><h4 data-wp-bind--aria-hidden=\"state.isSuccessMessageAriaHidden\" id=\"contact-form-success-header-0db5df88036394a968771e00d525d2e7624f7c20\">Gracias por tu respuesta. \u2728<\/h4>\n\n<template data-wp-each--submission=\"context.formattedSubmissionData\">\n\t\t\t\t\t<div class=\"jetpack_forms_contact-form-success-summary\">\n\t\t\t\t\t\t<div class=\"field-name-wrapper\">\n\t\t\t\t\t\t\t<div class=\"field-type-icon\" data-wp-watch=\"callbacks.watchFieldTypeIcon\"><\/div>\n\t\t\t\t\t\t\t<div class=\"field-name\" data-wp-text=\"context.submission.label\" data-wp-bind--hidden=\"!context.submission.label\"><\/div>\n\t\t\t\t\t\t<\/div>\n\t\t\t\t\t\t<div class=\"field-value\" data-wp-text=\"context.submission.value\" data-wp-bind--hidden=\"!context.submission.showPlainValue\"><\/div>\n\t\t\t\t\t\t<a class=\"field-url\" data-wp-bind--href=\"context.submission.url\" data-wp-text=\"context.submission.value\" data-wp-bind--hidden=\"!context.submission.url\" target=\"_blank\" rel=\"noopener noreferrer\"><\/a>\n\t\t\t\t\t\t<div class=\"field-rating\" data-wp-bind--hidden=\"!context.submission.rating\" data-wp-watch=\"callbacks.watchRatingIcons\"><\/div>\n\t\t\t\t\t\t<div class=\"field-images\" data-wp-bind--hidden=\"!context.submission.images\">\n\t\t\t\t\t\t\t<template data-wp-each--image=\"context.submission.images\">\n\t\t\t\t\t\t\t\t<div class=\"field-image-option\" data-wp-class--is-empty=\"!context.image.src\">\n\t\t\t\t\t\t\t\t\t<figure class=\"field-image-option__image\" data-wp-class--is-empty=\"!context.image.src\">\n\t\t\t\t\t\t\t\t\t\t<img data-wp-bind--src=\"context.image.src\" data-wp-bind--hidden=\"!context.image.src\" \/>\n\t\t\t\t\t\t\t\t\t\t<img decoding=\"async\" src=\"data:image\/gif;base64,R0lGODlhAQABAAD\/ACwAAAAAAQABAAACADs=\" data-wp-bind--hidden=\"context.image.src\" \/>\n\t\t\t\t\t\t\t\t\t<\/figure>\n\t\t\t\t\t\t\t\t\t<div class=\"field-image-option__label-wrapper\">\n\t\t\t\t\t\t\t\t\t\t<span class=\"field-image-option__label-code\" data-wp-text=\"context.image.letterCode\"><\/span>\n\t\t\t\t\t\t\t\t\t\t<span class=\"field-image-option__label\" data-wp-text=\"context.image.label\" data-wp-bind--hidden=\"!context.image.label\"><\/span>\n\t\t\t\t\t\t\t\t\t<\/div>\n\t\t\t\t\t\t\t\t<\/div>\n\t\t\t\t\t\t\t<\/template>\n\t\t\t\t\t\t<\/div>\n\t\t\t\t\t\t<div class=\"field-files\" data-wp-bind--hidden=\"!context.submission.files\">\n\t\t\t\t\t\t\t<template data-wp-each--file=\"context.submission.files\">\n\t\t\t\t\t\t\t\t<div class=\"field-file\">\n\t\t\t\t\t\t\t\t\t<div class=\"field-file__thumbnail\" data-wp-style--background-image=\"context.file.previewUrl\" data-wp-style--mask-image=\"context.file.iconUrl\" data-wp-bind--hidden=\"!context.file.hasPreview\"><\/div>\n\t\t\t\t\t\t\t\t\t<svg class=\"field-file__icon\" data-wp-bind--hidden=\"context.file.hasPreview\" width=\"20\" height=\"20\" viewBox=\"0 0 24 24\" fill=\"none\" xmlns=\"http:\/\/www.w3.org\/2000\/svg\" aria-hidden=\"true\">\n\t\t\t\t\t\t\t\t\t\t<path d=\"M14 2H6C4.9 2 4 2.9 4 4V20C4 21.1 4.89 22 5.99 22H18C19.1 22 20 21.1 20 20V8L14 2ZM18 20H6V4H13V9H18V20Z\" fill=\"currentColor\"\/>\n\t\t\t\t\t\t\t\t\t<\/svg>\n\t\t\t\t\t\t\t\t\t<span class=\"field-file__name\" data-wp-text=\"context.file.name\"><\/span>\n\t\t\t\t\t\t\t\t\t<span class=\"field-file__size\" data-wp-text=\"context.file.size\"><\/span>\n\t\t\t\t\t\t\t\t<\/div>\n\t\t\t\t\t\t\t<\/template>\n\t\t\t\t\t\t<\/div>\n\t\t\t\t\t<\/div>\n\t\t\t\t<\/template><\/div><form action='https:\/\/mueblesnieto.info\/?page_id=90'\n\t\t\t\tid='jp-form-0db5df88036394a968771e00d525d2e7624f7c20'\n\t\t\t\tmethod='post'\n\t\t\t\tclass='contact-form commentsblock jetpack-contact-form__form has-no-jetpack-form-layout' aria-label=\"Contacta\"\n\t\t\t\tdata-wp-on--submit=\"actions.onFormSubmit\"\n\t\t\t\tdata-wp-on--reset=\"actions.onFormReset\"\n\t\t\t\tdata-wp-class--submission-success=\"context.submissionSuccess\"\n\t\t\t\tdata-wp-class--is-first-step=\"state.isFirstStep\"\n\t\t\t\tdata-wp-class--is-last-step=\"state.isLastStep\"\n\t\t\t\tdata-wp-class--is-ajax-form=\"context.useAjax\"\n\t\t\t\tnovalidate >\n<input type='hidden' name='jetpack_contact_form_jwt' value='eyJ0eXAiOiJKV1QiLCJhbGciOiJIUzI1NiJ9.eyJlbmNyeXB0ZWRfYXR0cmlidXRlcyI6Im5nWUpYTHJYWlJGdFl2QzdUd1RZelJuaWFOeDFnbmdqY2NvRi9VY0tCcllFL0ZuUlFKU2JlemZ6NUlRWHlOam1seDdGOXg2SDBRaE53MFYxMDdQVytGR21wWC9MVUJMZWVLZmhyTE16djM2c0JhcExaR0ZSMzdkdW12aVFwbUVIVURFOEN5a1kxMDdIbGxYNk5vbDh6S1ZlS0xqVURnVnAwNFJ2QnNEN2RqWkFOaWxoMlpveFJSMktHZDZQdG5veUdUVWN6Wi82L3dmenMyVmovYzQ0VWcvbkZEYVhPYitTZzF3aktpRFBtUEc5dTBRQXBkNDZtd1lTaGlIcVRzSjhZUC9GK0E3MXo2NS9MWW1RZWFjdTBWSU01UG8yemc3dGIvcCtkN0h0Z1pkOUw0Nlg4Lzh2d05QQVoyejZvaTY0aGdwR0QxT0R2SU9kV2NFbFU4VkkrVStRbmZtdHdwYW1MMDlEZ2lwTU9PU0UyVXZhcUZITm1sYTNoYVoySHk1VFUyQnJNR29zazN1MnR1MGRGbzBoWE9idW85YkFrQ24vSHBtNkZ6SGdUVE1lSFpRcnJVVm9uMnJ5REtUVjk1ZktOSEQ3NGVDdm1tZ1lhUUdlSFNINkdoek0rQUlZZGx6K1RhYUx4SE42RFRLSkZTM0xoRzB6Mkx4ZDA1UlR0eVZiY2QreVhkY3c5UVp6anVvbENKU0E4S0RPZHZnZ2gvM2ViaU9Kb1VDb2YxQ2xQY1JiNTlWcHZhUlhhSWdZc3RydE02bWdJR2lvMTJJR0Z6WmlYTFZ6VnpxUC9HQ2RUZnpKa3pCdkJ2OTFoZ2ozUUdwTDBQNWVTTjFkUGtZNFFMNnpWMzYyQVhXeE50T1YwTlZ2a0RGdnNRM2doc1pIOWl2WjRrSlZsRnpmNHliT0RIRjFJYU5wTk1YNG9xdkd0bDdJbmVOTFNqUkEzNTJQMzBlei8rZHBVMnhhUW5qZkJ1Tm13Z20zWEg2ekdvSHFoMUJXUU42OGl4bjJRRFlKQmIwSjVBbjZ6aklubC9PWjNYMG9FMEQ3S2ZNOXJmeVB1dXNCSFBVT1p2RkFPU1Vjdnl3OXVCMXlvSmNBVzVzRENaZGNUc05SZTR1SjVnajJaTU1TUHU0NkhuNmhISEQvb2kwMXRzSFBVMTJtQ1ZTaFhzYnRGVGt4aklPYlFFUmV5Y1BwQXNER2pUVy90Z1pTTm5nejlxdk9rL2hvTXRLMm1pMDdMNDlyN0tlVVRmRjYyOFpCSmRybHM5UVU5Mm1jT2FVPSIsImNvbnRlbnQiOiJbY29udGFjdC1maWVsZCBsYWJlbD1cIk5vbWJyZVwiIHR5cGU9XCJuYW1lXCIgcmVxdWlyZWQ9XCIxXCJdW2NvbnRhY3QtZmllbGQgbGFiZWw9XCJDb21lbnRhcmlvXCIgdHlwZT1cInRleHRhcmVhXCIgcmVxdWlyZWQ9XCIxXCJdW2NvbnRhY3QtZmllbGQgbGFiZWw9XCJUZWxcdTAwZTlmb25vIGRlIGNvbnRhY3RvXCIgdHlwZT1cInRleHRcIl0iLCJoYXNoIjoiMGRiNWRmODgwMzYzOTRhOTY4NzcxZTAwZDUyNWQyZTc2MjRmN2MyMCIsInNvdXJjZSI6eyJlbnRyeV90aXRsZSI6IkNvbnRhY3RhIiwiZW50cnlfcGFnZSI6MSwic291cmNlX2lkIjo5MCwic291cmNlX3R5cGUiOiJzaW5nbGUiLCJyZXF1ZXN0X3VybCI6Imh0dHBzOi8vbXVlYmxlc25pZXRvLmluZm8ifSwidmVyc2lvbiI6MiwiY2lwaGVyIjoiYWVzLTI1Ni1nY20ifQ.VxRZeZNRgI0ljL9362CZF8H8_oWHqI4pKdZ1Xo_i_lw' \/>\n\n<div style=\"\"  data-wp-interactive=\"jetpack\/form\" data-wp-context='{\"fieldId\":\"g90-nombre\",\"fieldType\":\"name\",\"fieldLabel\":\"Nombre\",\"fieldValue\":\"\",\"fieldPlaceholder\":\"\",\"fieldIsRequired\":\"1\",\"fieldErrorMessage\":\"\",\"fieldExtra\":[],\"formHash\":\"0db5df88036394a968771e00d525d2e7624f7c20\"}'  class='grunion-field-name-wrap grunion-field-wrap'  data-wp-init='callbacks.initializeField' data-wp-on--jetpack-form-reset='callbacks.initializeField' >\n<label\n\t\t\t\tfor='g90-nombre' class=\"grunion-field-label name\" >Nombre<span class=\"grunion-label-required\" aria-hidden=\"true\">(obligatorio)<\/span><\/label>\n<input\n\t\t\t\t\ttype='text'\n\t\t\t\t\tname='g90-nombre'\n\t\t\t\t\tid='g90-nombre'\n\t\t\t\t\tvalue=''\n\n\t\t\t\t\tdata-wp-bind--aria-invalid='state.fieldAriaInvalid'\n\t\t\t\t\tdata-wp-bind--value='state.getFieldValue'\n\t\t\t\t\taria-describedby='g90-nombre-text-error-message'\n\t\t\t\t\tdata-wp-on--input='actions.onFieldChange'\n\t\t\t\t\tdata-wp-on--blur='actions.onFieldBlur'\n\t\t\t\t\tdata-wp-class--has-value='state.hasFieldValue'\n\n\t\t\t\t\tclass='name  grunion-field' \n\t\t\t\t\trequired='true' aria-required='true'  \/>\n \n\t\t\t<div id=\"g90-nombre-text-error\" class=\"contact-form__input-error\" data-wp-class--has-errors=\"state.fieldHasErrors\">\n\t\t\t\t<span class=\"contact-form__warning-icon\" aria-hidden=\"true\">\n\t\t\t\t\t<svg width=\"16\" height=\"16\" viewBox=\"0 0 16 16\" fill=\"none\" xmlns=\"http:\/\/www.w3.org\/2000\/svg\">\n\t\t\t\t\t\t<path d=\"M8.50015 11.6402H7.50015V10.6402H8.50015V11.6402Z\" \/>\n\t\t\t\t\t\t<path d=\"M7.50015 9.64018H8.50015V6.30684H7.50015V9.64018Z\" \/>\n\t\t\t\t\t\t<path fill-rule=\"evenodd\" clip-rule=\"evenodd\" d=\"M6.98331 3.0947C7.42933 2.30177 8.57096 2.30177 9.01698 3.09469L13.8771 11.7349C14.3145 12.5126 13.7525 13.4735 12.8602 13.4735H3.14004C2.24774 13.4735 1.68575 12.5126 2.12321 11.7349L6.98331 3.0947ZM8.14541 3.58496C8.08169 3.47168 7.9186 3.47168 7.85488 3.58496L2.99478 12.2251C2.93229 12.3362 3.01257 12.4735 3.14004 12.4735H12.8602C12.9877 12.4735 13.068 12.3362 13.0055 12.2251L8.14541 3.58496Z\" \/>\n\t\t\t\t\t<\/svg>\n\t\t\t\t<\/span>\n\t\t\t\t<span data-wp-text=\"state.errorMessage\" id=\"g90-nombre-text-error-message\"><\/span>\n\t\t\t<\/div> \n\t<\/div>\n\n<div style=\"\"  data-wp-interactive=\"jetpack\/form\" data-wp-context='{\"fieldId\":\"g90-comentario\",\"fieldType\":\"textarea\",\"fieldLabel\":\"Comentario\",\"fieldValue\":\"\",\"fieldPlaceholder\":\"\",\"fieldIsRequired\":\"1\",\"fieldErrorMessage\":\"\",\"fieldExtra\":[],\"formHash\":\"0db5df88036394a968771e00d525d2e7624f7c20\"}'  class='grunion-field-textarea-wrap grunion-field-wrap'  data-wp-init='callbacks.initializeField' data-wp-on--jetpack-form-reset='callbacks.initializeField' >\n<label\n\t\t\t\tfor='contact-form-comment-g90-comentario' class=\"grunion-field-label textarea\" >Comentario<span class=\"grunion-label-required\" aria-hidden=\"true\">(obligatorio)<\/span><\/label>\n<textarea\n\t\t                style=''\n\t\t                name='g90-comentario'\n\t\t                id='contact-form-comment-g90-comentario'\n\t\t                rows='20'\n\t\t\t\t\t\tdata-wp-text='state.getFieldValue'\n\t\t\t\t\t\tdata-wp-on--input='actions.onFieldChange'\n\t\t\t\t\t\tdata-wp-on--blur='actions.onFieldBlur'\n\t\t\t\t\t\tdata-wp-class--has-value='state.hasFieldValue'\n\t\t\t\t\t\taria-describedby='g90-comentario-textarea-error-message'\n\t\t\t\t\t\tdata-wp-bind--aria-invalid='state.fieldAriaInvalid'\n\t\t\t\t\t\tclass='textarea  grunion-field'  required aria-required='true'><\/textarea>\n \n\t\t\t<div id=\"g90-comentario-textarea-error\" class=\"contact-form__input-error\" data-wp-class--has-errors=\"state.fieldHasErrors\">\n\t\t\t\t<span class=\"contact-form__warning-icon\" aria-hidden=\"true\">\n\t\t\t\t\t<svg width=\"16\" height=\"16\" viewBox=\"0 0 16 16\" fill=\"none\" xmlns=\"http:\/\/www.w3.org\/2000\/svg\">\n\t\t\t\t\t\t<path d=\"M8.50015 11.6402H7.50015V10.6402H8.50015V11.6402Z\" \/>\n\t\t\t\t\t\t<path d=\"M7.50015 9.64018H8.50015V6.30684H7.50015V9.64018Z\" \/>\n\t\t\t\t\t\t<path fill-rule=\"evenodd\" clip-rule=\"evenodd\" d=\"M6.98331 3.0947C7.42933 2.30177 8.57096 2.30177 9.01698 3.09469L13.8771 11.7349C14.3145 12.5126 13.7525 13.4735 12.8602 13.4735H3.14004C2.24774 13.4735 1.68575 12.5126 2.12321 11.7349L6.98331 3.0947ZM8.14541 3.58496C8.08169 3.47168 7.9186 3.47168 7.85488 3.58496L2.99478 12.2251C2.93229 12.3362 3.01257 12.4735 3.14004 12.4735H12.8602C12.9877 12.4735 13.068 12.3362 13.0055 12.2251L8.14541 3.58496Z\" \/>\n\t\t\t\t\t<\/svg>\n\t\t\t\t<\/span>\n\t\t\t\t<span data-wp-text=\"state.errorMessage\" id=\"g90-comentario-textarea-error-message\"><\/span>\n\t\t\t<\/div>\n\t<\/div>\n\n<div style=\"\"  data-wp-interactive=\"jetpack\/form\" data-wp-context='{\"fieldId\":\"g90-telfonodecontacto\",\"fieldType\":\"text\",\"fieldLabel\":\"Tel\\u00e9fono de contacto\",\"fieldValue\":\"\",\"fieldPlaceholder\":\"\",\"fieldIsRequired\":\"\",\"fieldErrorMessage\":\"\",\"fieldExtra\":[],\"formHash\":\"0db5df88036394a968771e00d525d2e7624f7c20\"}'  class='grunion-field-text-wrap grunion-field-wrap'  data-wp-init='callbacks.initializeField' data-wp-on--jetpack-form-reset='callbacks.initializeField' >\n<label\n\t\t\t\tfor='g90-telfonodecontacto' class=\"grunion-field-label text\" >Tel\u00e9fono de contacto<\/label>\n<input\n\t\t\t\t\ttype='text'\n\t\t\t\t\tname='g90-telfonodecontacto'\n\t\t\t\t\tid='g90-telfonodecontacto'\n\t\t\t\t\tvalue=''\n\n\t\t\t\t\tdata-wp-bind--aria-invalid='state.fieldAriaInvalid'\n\t\t\t\t\tdata-wp-bind--value='state.getFieldValue'\n\t\t\t\t\taria-describedby='g90-telfonodecontacto-text-error-message'\n\t\t\t\t\tdata-wp-on--input='actions.onFieldChange'\n\t\t\t\t\tdata-wp-on--blur='actions.onFieldBlur'\n\t\t\t\t\tdata-wp-class--has-value='state.hasFieldValue'\n\n\t\t\t\t\tclass='text  grunion-field' \n\t\t\t\t\t \/>\n \n\t\t\t<div id=\"g90-telfonodecontacto-text-error\" class=\"contact-form__input-error\" data-wp-class--has-errors=\"state.fieldHasErrors\">\n\t\t\t\t<span class=\"contact-form__warning-icon\" aria-hidden=\"true\">\n\t\t\t\t\t<svg width=\"16\" height=\"16\" viewBox=\"0 0 16 16\" fill=\"none\" xmlns=\"http:\/\/www.w3.org\/2000\/svg\">\n\t\t\t\t\t\t<path d=\"M8.50015 11.6402H7.50015V10.6402H8.50015V11.6402Z\" \/>\n\t\t\t\t\t\t<path d=\"M7.50015 9.64018H8.50015V6.30684H7.50015V9.64018Z\" \/>\n\t\t\t\t\t\t<path fill-rule=\"evenodd\" clip-rule=\"evenodd\" d=\"M6.98331 3.0947C7.42933 2.30177 8.57096 2.30177 9.01698 3.09469L13.8771 11.7349C14.3145 12.5126 13.7525 13.4735 12.8602 13.4735H3.14004C2.24774 13.4735 1.68575 12.5126 2.12321 11.7349L6.98331 3.0947ZM8.14541 3.58496C8.08169 3.47168 7.9186 3.47168 7.85488 3.58496L2.99478 12.2251C2.93229 12.3362 3.01257 12.4735 3.14004 12.4735H12.8602C12.9877 12.4735 13.068 12.3362 13.0055 12.2251L8.14541 3.58496Z\" \/>\n\t\t\t\t\t<\/svg>\n\t\t\t\t<\/span>\n\t\t\t\t<span data-wp-text=\"state.errorMessage\" id=\"g90-telfonodecontacto-text-error-message\"><\/span>\n\t\t\t<\/div> \n\t<\/div>\n\t<p class='contact-submit'>\n<div class=\"contact-form__error\" data-wp-class--show-errors=\"state.showFormErrors\"><span class=\"contact-form__warning-icon\" aria-hidden=\"true\"><i><\/i><\/span><span class=\"contact-form__error-message\" tabindex=\"-1\" data-wp-watch=\"callbacks.focusOnValidationError\" data-wp-text=\"state.getFormErrorMessage\"><\/span><ul aria-label=\"Errores del formulario\">\n\t\t\t\t<template data-wp-each=\"state.getErrorList\" data-wp-key=\"context.item.id\">\n\t\t\t\t\t<li><a data-wp-bind--href=\"context.item.anchor\" data-wp-on--click=\"actions.scrollIntoView\" data-wp-text=\"context.item.label\"><\/a><\/li>\n\t\t\t\t<\/template>\n\t\t\t\t<\/ul><\/div><div class=\"contact-form__error\" data-wp-class--show-errors=\"state.showSubmissionError\" data-wp-text=\"context.submissionError\" tabindex=\"-1\" data-wp-watch=\"callbacks.focusOnSubmissionError\"><\/div>\t\t<button type='submit' class='pushbutton-wide'>Enviar<\/button>\t\t<input type='hidden' name='contact-form-id' value='90' \/>\n\t\t<input type='hidden' name='action' value='grunion-contact-form' \/>\n\t\t<input type='hidden' name='contact-form-hash' value='0db5df88036394a968771e00d525d2e7624f7c20' \/>\n\t<\/p>\n<p style=\"display: none !important;\" class=\"akismet-fields-container\" data-prefix=\"ak_\"><label>&#916;<textarea name=\"ak_hp_textarea\" cols=\"45\" rows=\"8\" maxlength=\"100\"><\/textarea><\/label><input type=\"hidden\" id=\"ak_js_1\" name=\"ak_js\" value=\"231\"\/><script type=\"text\/javascript\">\n\/* <![CDATA[ *\/\ndocument.getElementById( \"ak_js_1\" ).setAttribute( \"value\", ( new Date() ).getTime() );\n\/* ]]> *\/\n<\/script>\n<\/p><\/form>\n<\/div>\n","protected":false},"excerpt":{"rendered":"","protected":false},"author":68539209,"featured_media":0,"parent":0,"menu_order":0,"comment_status":"open","ping_status":"open","template":"","meta":{"_coblocks_attr":"","_coblocks_dimensions":"","_coblocks_responsive_height":"","_coblocks_accordion_ie_support":"","_crdt_document":"","om_disable_all_campaigns":false,"_monsterinsights_skip_tracking":false,"_monsterinsights_sitenote_active":false,"_monsterinsights_sitenote_note":"","_monsterinsights_sitenote_category":0,"_uf_show_specific_survey":0,"_uf_disable_surveys":false,"ngg_post_thumbnail":0,"footnotes":""},"class_list":["post-90","page","type-page","status-publish","hentry","clear"],"yoast_head":"<!-- This site is optimized with the Yoast SEO plugin v27.5 - https:\/\/yoast.com\/product\/yoast-seo-wordpress\/ -->\n<title>Contacta - MUEBLES NIETO<\/title>\n<meta name=\"robots\" content=\"index, follow, max-snippet:-1, max-image-preview:large, max-video-preview:-1\" \/>\n<link rel=\"canonical\" href=\"https:\/\/mueblesnieto.info\/?page_id=90\" \/>\n<meta property=\"og:locale\" content=\"es_ES\" \/>\n<meta property=\"og:type\" content=\"article\" \/>\n<meta property=\"og:title\" content=\"Contacta - MUEBLES NIETO\" \/>\n<meta property=\"og:url\" content=\"https:\/\/mueblesnieto.info\/?page_id=90\" \/>\n<meta property=\"og:site_name\" content=\"MUEBLES NIETO\" \/>\n<meta property=\"article:modified_time\" content=\"2024-09-25T11:44:15+00:00\" \/>\n<meta name=\"twitter:card\" content=\"summary_large_image\" \/>\n<meta name=\"twitter:label1\" content=\"Tiempo de lectura\" \/>\n\t<meta name=\"twitter:data1\" content=\"1 minuto\" \/>\n<script type=\"application\/ld+json\" class=\"yoast-schema-graph\">{\"@context\":\"https:\\\/\\\/schema.org\",\"@graph\":[{\"@type\":\"WebPage\",\"@id\":\"https:\\\/\\\/mueblesnieto.info\\\/?page_id=90\",\"url\":\"https:\\\/\\\/mueblesnieto.info\\\/?page_id=90\",\"name\":\"Contacta - MUEBLES NIETO\",\"isPartOf\":{\"@id\":\"https:\\\/\\\/mueblesnieto.info\\\/#website\"},\"datePublished\":\"2014-08-01T19:16:52+00:00\",\"dateModified\":\"2024-09-25T11:44:15+00:00\",\"breadcrumb\":{\"@id\":\"https:\\\/\\\/mueblesnieto.info\\\/?page_id=90#breadcrumb\"},\"inLanguage\":\"es\",\"potentialAction\":[{\"@type\":\"ReadAction\",\"target\":[\"https:\\\/\\\/mueblesnieto.info\\\/?page_id=90\"]}]},{\"@type\":\"BreadcrumbList\",\"@id\":\"https:\\\/\\\/mueblesnieto.info\\\/?page_id=90#breadcrumb\",\"itemListElement\":[{\"@type\":\"ListItem\",\"position\":1,\"name\":\"Portada\",\"item\":\"https:\\\/\\\/mueblesnieto.info\\\/\"},{\"@type\":\"ListItem\",\"position\":2,\"name\":\"Contacta\"}]},{\"@type\":\"WebSite\",\"@id\":\"https:\\\/\\\/mueblesnieto.info\\\/#website\",\"url\":\"https:\\\/\\\/mueblesnieto.info\\\/\",\"name\":\"MUEBLES NIETO\",\"description\":\"Muebles . Decoraci\u00f3n . Iluminaci\u00f3n . Sofas . Colchoneria.\",\"publisher\":{\"@id\":\"https:\\\/\\\/mueblesnieto.info\\\/#organization\"},\"potentialAction\":[{\"@type\":\"SearchAction\",\"target\":{\"@type\":\"EntryPoint\",\"urlTemplate\":\"https:\\\/\\\/mueblesnieto.info\\\/?s={search_term_string}\"},\"query-input\":{\"@type\":\"PropertyValueSpecification\",\"valueRequired\":true,\"valueName\":\"search_term_string\"}}],\"inLanguage\":\"es\"},{\"@type\":\"Organization\",\"@id\":\"https:\\\/\\\/mueblesnieto.info\\\/#organization\",\"name\":\"MUEBLES NIETO\",\"url\":\"https:\\\/\\\/mueblesnieto.info\\\/\",\"logo\":{\"@type\":\"ImageObject\",\"inLanguage\":\"es\",\"@id\":\"https:\\\/\\\/mueblesnieto.info\\\/#\\\/schema\\\/logo\\\/image\\\/\",\"url\":\"https:\\\/\\\/i0.wp.com\\\/mueblesnieto.info\\\/wp-content\\\/uploads\\\/2017\\\/11\\\/cropped-cropped-cropped-nietohogar-5-2.jpg?fit=1193%2C1209&ssl=1\",\"contentUrl\":\"https:\\\/\\\/i0.wp.com\\\/mueblesnieto.info\\\/wp-content\\\/uploads\\\/2017\\\/11\\\/cropped-cropped-cropped-nietohogar-5-2.jpg?fit=1193%2C1209&ssl=1\",\"width\":1193,\"height\":1209,\"caption\":\"MUEBLES NIETO\"},\"image\":{\"@id\":\"https:\\\/\\\/mueblesnieto.info\\\/#\\\/schema\\\/logo\\\/image\\\/\"}}]}<\/script>\n<!-- \/ Yoast SEO plugin. -->","yoast_head_json":{"title":"Contacta - MUEBLES NIETO","robots":{"index":"index","follow":"follow","max-snippet":"max-snippet:-1","max-image-preview":"max-image-preview:large","max-video-preview":"max-video-preview:-1"},"canonical":"https:\/\/mueblesnieto.info\/?page_id=90","og_locale":"es_ES","og_type":"article","og_title":"Contacta - MUEBLES NIETO","og_url":"https:\/\/mueblesnieto.info\/?page_id=90","og_site_name":"MUEBLES NIETO","article_modified_time":"2024-09-25T11:44:15+00:00","twitter_card":"summary_large_image","twitter_misc":{"Tiempo de lectura":"1 minuto"},"schema":{"@context":"https:\/\/schema.org","@graph":[{"@type":"WebPage","@id":"https:\/\/mueblesnieto.info\/?page_id=90","url":"https:\/\/mueblesnieto.info\/?page_id=90","name":"Contacta - MUEBLES NIETO","isPartOf":{"@id":"https:\/\/mueblesnieto.info\/#website"},"datePublished":"2014-08-01T19:16:52+00:00","dateModified":"2024-09-25T11:44:15+00:00","breadcrumb":{"@id":"https:\/\/mueblesnieto.info\/?page_id=90#breadcrumb"},"inLanguage":"es","potentialAction":[{"@type":"ReadAction","target":["https:\/\/mueblesnieto.info\/?page_id=90"]}]},{"@type":"BreadcrumbList","@id":"https:\/\/mueblesnieto.info\/?page_id=90#breadcrumb","itemListElement":[{"@type":"ListItem","position":1,"name":"Portada","item":"https:\/\/mueblesnieto.info\/"},{"@type":"ListItem","position":2,"name":"Contacta"}]},{"@type":"WebSite","@id":"https:\/\/mueblesnieto.info\/#website","url":"https:\/\/mueblesnieto.info\/","name":"MUEBLES NIETO","description":"Muebles . Decoraci\u00f3n . Iluminaci\u00f3n . Sofas . Colchoneria.","publisher":{"@id":"https:\/\/mueblesnieto.info\/#organization"},"potentialAction":[{"@type":"SearchAction","target":{"@type":"EntryPoint","urlTemplate":"https:\/\/mueblesnieto.info\/?s={search_term_string}"},"query-input":{"@type":"PropertyValueSpecification","valueRequired":true,"valueName":"search_term_string"}}],"inLanguage":"es"},{"@type":"Organization","@id":"https:\/\/mueblesnieto.info\/#organization","name":"MUEBLES NIETO","url":"https:\/\/mueblesnieto.info\/","logo":{"@type":"ImageObject","inLanguage":"es","@id":"https:\/\/mueblesnieto.info\/#\/schema\/logo\/image\/","url":"https:\/\/i0.wp.com\/mueblesnieto.info\/wp-content\/uploads\/2017\/11\/cropped-cropped-cropped-nietohogar-5-2.jpg?fit=1193%2C1209&ssl=1","contentUrl":"https:\/\/i0.wp.com\/mueblesnieto.info\/wp-content\/uploads\/2017\/11\/cropped-cropped-cropped-nietohogar-5-2.jpg?fit=1193%2C1209&ssl=1","width":1193,"height":1209,"caption":"MUEBLES NIETO"},"image":{"@id":"https:\/\/mueblesnieto.info\/#\/schema\/logo\/image\/"}}]}},"jetpack_likes_enabled":true,"jetpack_sharing_enabled":true,"jetpack_shortlink":"https:\/\/wp.me\/P4QFFl-1s","jetpack-related-posts":[{"id":1,"url":"https:\/\/mueblesnieto.info\/","url_meta":{"origin":90,"position":0},"title":"Acerca de nosotros","author":"Blog de MueblesNieto","date":"10 abril, 2026","format":false,"excerpt":"Muebles Nieto: M\u00e1s de 40 a\u00f1os amueblando hogares en C\u00f3rdoba y Ja\u00e9n Muebles Nieto es una empresa familiar con m\u00e1s de 40 a\u00f1os de experiencia en la venta, distribuci\u00f3n y montaje de mobiliario y decoraci\u00f3n. Nacimos con una sola vocaci\u00f3n: ayudarte a crear el hogar que siempre has imaginado, con\u2026","rel":"","context":"En \u00abAcerca de nosotros\u00bb","block_context":{"text":"Acerca de nosotros","link":"https:\/\/mueblesnieto.info\/?cat=452631"},"img":{"alt_text":"","src":"","width":0,"height":0},"classes":[]}],"amp_enabled":true,"_links":{"self":[{"href":"https:\/\/mueblesnieto.info\/index.php?rest_route=\/wp\/v2\/pages\/90","targetHints":{"allow":["GET"]}}],"collection":[{"href":"https:\/\/mueblesnieto.info\/index.php?rest_route=\/wp\/v2\/pages"}],"about":[{"href":"https:\/\/mueblesnieto.info\/index.php?rest_route=\/wp\/v2\/types\/page"}],"author":[{"embeddable":true,"href":"https:\/\/mueblesnieto.info\/index.php?rest_route=\/wp\/v2\/users\/68539209"}],"replies":[{"embeddable":true,"href":"https:\/\/mueblesnieto.info\/index.php?rest_route=%2Fwp%2Fv2%2Fcomments&post=90"}],"version-history":[{"count":4,"href":"https:\/\/mueblesnieto.info\/index.php?rest_route=\/wp\/v2\/pages\/90\/revisions"}],"predecessor-version":[{"id":4818,"href":"https:\/\/mueblesnieto.info\/index.php?rest_route=\/wp\/v2\/pages\/90\/revisions\/4818"}],"wp:attachment":[{"href":"https:\/\/mueblesnieto.info\/index.php?rest_route=%2Fwp%2Fv2%2Fmedia&parent=90"}],"curies":[{"name":"wp","href":"https:\/\/api.w.org\/{rel}","templated":true}]}}